{"id":901,"date":"2024-09-02T11:23:37","date_gmt":"2024-09-02T11:23:37","guid":{"rendered":"https:\/\/www.maitrehichamelouadni.com\/?page_id=901"},"modified":"2025-10-21T10:49:34","modified_gmt":"2025-10-21T10:49:34","slug":"contact","status":"publish","type":"page","link":"https:\/\/www.maitrehichamelouadni.com\/ar\/accueil\/contact\/","title":{"rendered":"\u0627\u062a\u0635\u0644 \u0628\u0646\u0627"},"content":{"rendered":"\t\t<div data-elementor-type=\"wp-page\" data-elementor-id=\"901\" class=\"elementor elementor-901\">\n\t\t\t\t\t\t<section class=\"elementor-section elementor-top-section elementor-element elementor-element-3968164e elementor-hidden-tablet elementor-hidden-mobile elementor-section-boxed elementor-section-height-default elementor-section-height-default wpr-particle-no wpr-jarallax-no wpr-parallax-no wpr-sticky-section-no wpr-equal-height-no\" data-id=\"3968164e\" data-element_type=\"section\" data-e-type=\"section\" data-settings=\"{&quot;background_background&quot;:&quot;classic&quot;}\">\n\t\t\t\t\t\t\t<div class=\"elementor-background-overlay\"><\/div>\n\t\t\t\t\t\t\t<div class=\"elementor-container elementor-column-gap-default\">\n\t\t\t\t\t<div class=\"elementor-column elementor-col-100 elementor-top-column elementor-element elementor-element-123e24c0\" data-id=\"123e24c0\" data-element_type=\"column\" data-e-type=\"column\">\n\t\t\t<div class=\"elementor-widget-wrap elementor-element-populated\">\n\t\t\t\t\t\t<div class=\"elementor-element elementor-element-63062746 elementor-widget elementor-widget-heading\" data-id=\"63062746\" data-element_type=\"widget\" data-e-type=\"widget\" data-widget_type=\"heading.default\">\n\t\t\t\t<div class=\"elementor-widget-container\">\n\t\t\t\t\t<h2 class=\"elementor-heading-title elementor-size-default\">CONTACT<\/h2>\t\t\t\t<\/div>\n\t\t\t\t<\/div>\n\t\t\t\t\t<\/div>\n\t\t<\/div>\n\t\t\t\t\t<\/div>\n\t\t<\/section>\n\t\t\t\t<section class=\"elementor-section elementor-top-section elementor-element elementor-element-fa35a93 elementor-hidden-desktop elementor-section-boxed elementor-section-height-default elementor-section-height-default wpr-particle-no wpr-jarallax-no wpr-parallax-no wpr-sticky-section-no wpr-equal-height-no\" data-id=\"fa35a93\" data-element_type=\"section\" data-e-type=\"section\" data-settings=\"{&quot;background_background&quot;:&quot;classic&quot;}\">\n\t\t\t\t\t\t\t<div class=\"elementor-background-overlay\"><\/div>\n\t\t\t\t\t\t\t<div class=\"elementor-container elementor-column-gap-default\">\n\t\t\t\t\t<div class=\"elementor-column elementor-col-100 elementor-top-column elementor-element elementor-element-b3e4f43\" data-id=\"b3e4f43\" data-element_type=\"column\" data-e-type=\"column\">\n\t\t\t<div class=\"elementor-widget-wrap elementor-element-populated\">\n\t\t\t\t\t\t<div class=\"elementor-element elementor-element-e7b5e35 elementor-widget elementor-widget-heading\" data-id=\"e7b5e35\" data-element_type=\"widget\" data-e-type=\"widget\" data-widget_type=\"heading.default\">\n\t\t\t\t<div class=\"elementor-widget-container\">\n\t\t\t\t\t<h2 class=\"elementor-heading-title elementor-size-default\">CONTACT<\/h2>\t\t\t\t<\/div>\n\t\t\t\t<\/div>\n\t\t\t\t\t<\/div>\n\t\t<\/div>\n\t\t\t\t\t<\/div>\n\t\t<\/section>\n\t\t\t\t<div class=\"elementor-section elementor-top-section elementor-element elementor-element-6d33141 elementor-section-boxed elementor-section-height-default elementor-section-height-default wpr-particle-no wpr-jarallax-no wpr-parallax-no wpr-sticky-section-no wpr-equal-height-no\" data-id=\"6d33141\" data-element_type=\"section\" data-e-type=\"section\">\n\t\t\t\t\t\t<div class=\"elementor-container elementor-column-gap-default\">\n\t\t\t\t\t<div class=\"elementor-column elementor-col-100 elementor-top-column elementor-element elementor-element-98dba4f\" data-id=\"98dba4f\" data-element_type=\"column\" data-e-type=\"column\">\n\t\t\t<div class=\"elementor-widget-wrap elementor-element-populated\">\n\t\t\t\t\t\t<div class=\"elementor-section elementor-inner-section elementor-element elementor-element-eaf1143 animated-fast elementor-section-boxed elementor-section-height-default elementor-section-height-default wpr-particle-no wpr-jarallax-no wpr-parallax-no wpr-sticky-section-no wpr-equal-height-no elementor-invisible\" data-id=\"eaf1143\" data-element_type=\"section\" data-e-type=\"section\" data-settings=\"{&quot;background_background&quot;:&quot;classic&quot;,&quot;animation&quot;:&quot;fadeInUp&quot;,&quot;animation_delay&quot;:200}\">\n\t\t\t\t\t\t<div class=\"elementor-container elementor-column-gap-default\">\n\t\t\t\t\t<div class=\"elementor-column elementor-col-50 elementor-inner-column elementor-element elementor-element-0e097af\" data-id=\"0e097af\" data-element_type=\"column\" data-e-type=\"column\" data-settings=\"{&quot;background_background&quot;:&quot;classic&quot;}\">\n\t\t\t<div class=\"elementor-widget-wrap elementor-element-populated\">\n\t\t\t\t\t<div class=\"elementor-background-overlay\"><\/div>\n\t\t\t\t\t\t<div class=\"elementor-element elementor-element-a7e7f08 elementor-view-default elementor-position-block-start elementor-mobile-position-block-start elementor-widget elementor-widget-icon-box\" data-id=\"a7e7f08\" data-element_type=\"widget\" data-e-type=\"widget\" data-widget_type=\"icon-box.default\">\n\t\t\t\t<div class=\"elementor-widget-container\">\n\t\t\t\t\t\t\t<div class=\"elementor-icon-box-wrapper\">\n\n\t\t\t\t\t\t<div class=\"elementor-icon-box-icon\">\n\t\t\t\t<a href=\"tel:0539942014\" class=\"elementor-icon\" tabindex=\"-1\" aria-label=\"+212 539 942 014 &lt;br&gt; +212 661 754 923\">\n\t\t\t\t<svg aria-hidden=\"true\" class=\"e-font-icon-svg e-fas-phone-alt\" viewBox=\"0 0 512 512\" xmlns=\"http:\/\/www.w3.org\/2000\/svg\"><path d=\"M497.39 361.8l-112-48a24 24 0 0 0-28 6.9l-49.6 60.6A370.66 370.66 0 0 1 130.6 204.11l60.6-49.6a23.94 23.94 0 0 0 6.9-28l-48-112A24.16 24.16 0 0 0 122.6.61l-104 24A24 24 0 0 0 0 48c0 256.5 207.9 464 464 464a24 24 0 0 0 23.4-18.6l24-104a24.29 24.29 0 0 0-14.01-27.6z\"><\/path><\/svg>\t\t\t\t<\/a>\n\t\t\t<\/div>\n\t\t\t\n\t\t\t\t\t\t<div class=\"elementor-icon-box-content\">\n\n\t\t\t\t\t\t\t\t\t<h3 class=\"elementor-icon-box-title\">\n\t\t\t\t\t\t<a href=\"tel:0539942014\" >\n\t\t\t\t\t\t\t+212 539 942 014 <br> +212 661 754 923\t\t\t\t\t\t<\/a>\n\t\t\t\t\t<\/h3>\n\t\t\t\t\n\t\t\t\t\n\t\t\t<\/div>\n\t\t\t\n\t\t<\/div>\n\t\t\t\t\t\t<\/div>\n\t\t\t\t<\/div>\n\t\t\t\t<div class=\"elementor-element elementor-element-78ef97a elementor-view-default elementor-position-block-start elementor-mobile-position-block-start elementor-widget elementor-widget-icon-box\" data-id=\"78ef97a\" data-element_type=\"widget\" data-e-type=\"widget\" data-widget_type=\"icon-box.default\">\n\t\t\t\t<div class=\"elementor-widget-container\">\n\t\t\t\t\t\t\t<div class=\"elementor-icon-box-wrapper\">\n\n\t\t\t\t\t\t<div class=\"elementor-icon-box-icon\">\n\t\t\t\t<a href=\"mailto:contact@maitrehichamelouadni.com\" class=\"elementor-icon\" tabindex=\"-1\" aria-label=\"contact@maitrehichamelouadni.com &lt;br&gt; info@maitrehichamelouadni.com\">\n\t\t\t\t<i aria-hidden=\"true\" class=\"ti ti-email\"><\/i>\t\t\t\t<\/a>\n\t\t\t<\/div>\n\t\t\t\n\t\t\t\t\t\t<div class=\"elementor-icon-box-content\">\n\n\t\t\t\t\t\t\t\t\t<h3 class=\"elementor-icon-box-title\">\n\t\t\t\t\t\t<a href=\"mailto:contact@maitrehichamelouadni.com\" >\n\t\t\t\t\t\t\tcontact@maitrehichamelouadni.com <br> info@maitrehichamelouadni.com\t\t\t\t\t\t<\/a>\n\t\t\t\t\t<\/h3>\n\t\t\t\t\n\t\t\t\t\n\t\t\t<\/div>\n\t\t\t\n\t\t<\/div>\n\t\t\t\t\t\t<\/div>\n\t\t\t\t<\/div>\n\t\t\t\t<div class=\"elementor-element elementor-element-a4e2b0f elementor-view-default elementor-position-block-start elementor-mobile-position-block-start elementor-widget elementor-widget-icon-box\" data-id=\"a4e2b0f\" data-element_type=\"widget\" data-e-type=\"widget\" data-widget_type=\"icon-box.default\">\n\t\t\t\t<div class=\"elementor-widget-container\">\n\t\t\t\t\t\t\t<div class=\"elementor-icon-box-wrapper\">\n\n\t\t\t\t\t\t<div class=\"elementor-icon-box-icon\">\n\t\t\t\t<span  class=\"elementor-icon\">\n\t\t\t\t<i aria-hidden=\"true\" class=\"ti ti-location-pin\"><\/i>\t\t\t\t<\/span>\n\t\t\t<\/div>\n\t\t\t\n\t\t\t\t\t\t<div class=\"elementor-icon-box-content\">\n\n\t\t\t\t\t\t\t\t\t<h3 class=\"elementor-icon-box-title\">\n\t\t\t\t\t\t<span  >\n\t\t\t\t\t\t\t20 R\u00e9sidence leonore 2 Abdellah Guennoune Etg 2 bureau 37 - Tanger\t\t\t\t\t\t<\/span>\n\t\t\t\t\t<\/h3>\n\t\t\t\t\n\t\t\t\t\n\t\t\t<\/div>\n\t\t\t\n\t\t<\/div>\n\t\t\t\t\t\t<\/div>\n\t\t\t\t<\/div>\n\t\t\t\t\t<\/div>\n\t\t<\/div>\n\t\t\t\t<div class=\"elementor-column elementor-col-50 elementor-inner-column elementor-element elementor-element-82b670b\" data-id=\"82b670b\" data-element_type=\"column\" data-e-type=\"column\">\n\t\t\t<div class=\"elementor-widget-wrap elementor-element-populated\">\n\t\t\t\t\t\t<div class=\"elementor-element elementor-element-99f9a2b elementor-widget elementor-widget-heading\" data-id=\"99f9a2b\" data-element_type=\"widget\" data-e-type=\"widget\" data-widget_type=\"heading.default\">\n\t\t\t\t<div class=\"elementor-widget-container\">\n\t\t\t\t\t<h2 class=\"elementor-heading-title elementor-size-default\">Parlez-nous de votre besoin<\/h2>\t\t\t\t<\/div>\n\t\t\t\t<\/div>\n\t\t\t\t<div class=\"elementor-element elementor-element-f7c2286 fluent-form-widget-step-header-yes fluent-form-widget-step-progressbar-yes fluentform-widget-submit-button-custom elementor-widget elementor-widget-fluent-form-widget\" data-id=\"f7c2286\" data-element_type=\"widget\" data-e-type=\"widget\" data-widget_type=\"fluent-form-widget.default\">\n\t\t\t\t<div class=\"elementor-widget-container\">\n\t\t\t\t\t\n            <div class=\"fluentform-widget-wrapper fluentform-widget-align-default\">\n\n            \n            <div class='fluentform ff-default fluentform_wrapper_4 ffs_default_wrap'><form data-form_id=\"4\" id=\"fluentform_4\" class=\"frm-fluent-form fluent_form_4 ff-el-form-top ff_form_instance_4_1 ff-form-loading ffs_default\" data-form_instance=\"ff_form_instance_4_1\" method=\"POST\" ><fieldset  style=\"border: none!important;margin: 0!important;padding: 0!important;background-color: transparent!important;box-shadow: none!important;outline: none!important; min-inline-size: 100%;\">\n                    <legend class=\"ff_screen_reader_title\" style=\"display: block; margin: 0!important;padding: 0!important;height: 0!important;text-indent: -999999px;width: 0!important;overflow:hidden;\">Formulaire de contact<\/legend>        <div\n                style=\"display: none!important; position: absolute!important; transform: translateX(1000%)!important;\"\n                class=\"ff-el-group ff-hpsf-container\"\n        >\n            <div class=\"ff-el-input--label asterisk-right\">\n                <label for=\"ff_4_item_sf\" aria-label=\"Newsletter\">\n                    Newsletter                <\/label>\n            <\/div>\n            <div class=\"ff-el-input--content\">\n                <input type=\"text\"\n                       name=\"item_4__fluent_sf\"\n                       class=\"ff-el-form-control\"\n                       id=\"ff_4_item_sf\"\n                \/>\n            <\/div>\n        <\/div>\n        <input type='hidden' name='__fluent_form_embded_post_id' value='901' \/><input type=\"hidden\" id=\"_fluentform_4_fluentformnonce\" name=\"_fluentform_4_fluentformnonce\" value=\"b1648dd778\" \/><input type=\"hidden\" name=\"_wp_http_referer\" value=\"\/ar\/wp-json\/wp\/v2\/pages\/901\" \/><div data-type=\"name-element\" data-name=\"names\" class=\" ff-field_container ff-name-field-wrapper\" ><div class='ff-t-container'><div class='ff-t-cell '><div class='ff-el-group  ff-el-form-top'><div class='ff-el-input--content'><input type=\"text\" name=\"names[first_name]\" id=\"ff_4_names_first_name_\" class=\"ff-el-form-control\" placeholder=\"Nom \" aria-invalid=\"false\" aria-required=true><\/div><\/div><\/div><\/div><\/div><div class='ff-el-group'><div class='ff-el-input--content'><input type=\"text\" name=\"input_text_1\" class=\"ff-el-form-control\" placeholder=\"Pr\u00e9nom\" data-name=\"input_text_1\" id=\"ff_4_input_text_1\"  aria-invalid=\"false\" aria-required=false><\/div><\/div><div class='ff-el-group'><div class='ff-el-input--content'><input name=\"phone\" class=\"ff-el-form-control ff-el-phone\" type=\"tel\" placeholder=\"T\u00e9l\u00e9phone\" data-name=\"phone\" id=\"ff_4_phone\" inputmode=\"tel\"  aria-invalid='false' aria-required=true><\/div><\/div><div class='ff-el-group'><div class='ff-el-input--content'><input type=\"email\" name=\"email\" id=\"ff_4_email\" class=\"ff-el-form-control\" placeholder=\"Email\" data-name=\"email\"  aria-invalid=\"false\" aria-required=true><\/div><\/div><div class='ff-el-group'><div class='ff-el-input--content'><select name=\"dropdown\" id=\"ff_4_dropdown\" class=\"ff-el-form-control\" data-name=\"dropdown\" data-calc_value=\"0\"  aria-invalid=\"false\" aria-required=\"false\" aria-labelledby=\"label_ff_4_dropdown\"><option value=\"\">- Service souhait\u00e9 -<\/option><option value=\"Droit civil\"  >Droit civil<\/option><option value=\"Droit du travail et droit social\"  >Droit du travail et droit social<\/option><option value=\"Droit de la famille \"  >Droit de la famille<\/option><option value=\"Droit commercial\"  >Droit commercial<\/option><option value=\"Droit des affaires\"  >Droit des affaires<\/option><option value=\"Droit de la concurrence\"  >Droit de la concurrence<\/option><\/select><\/div><\/div><div class='ff-el-group ff-text-left ff_submit_btn_wrapper ff_submit_btn_wrapper_custom'><button class=\"ff-btn ff-btn-submit ff-btn-md ff_btn_style wpf_has_custom_css\" type=\"submit\" name=\"custom_submit_button-4_1\" data-name=\"custom_submit_button-4_1\"  aria-label=\"ENVOYER\">ENVOYER<\/button><style>form.fluent_form_4 .wpf_has_custom_css.ff-btn-submit { background-color:rgba(198, 152, 96, 1);border-color:rgba(198, 152, 96, 1);color:#ffffff;min-width:100%; }form.fluent_form_4 .wpf_has_custom_css.ff-btn-submit:hover { background-color:#ffffff;border-color:rgba(198, 152, 96, 1);color:rgba(198, 152, 96, 1);min-width:100%; } <\/style><\/div><\/fieldset><\/form><div id='fluentform_4_errors' class='ff-errors-in-stack ff_form_instance_4_1 ff-form-loading_errors ff_form_instance_4_1_errors'><\/div><\/div>            <script type=\"text\/javascript\">\n                window.fluent_form_ff_form_instance_4_1 = {\"id\":\"4\",\"ajaxUrl\":\"https:\\\/\\\/www.maitrehichamelouadni.com\\\/wp-admin\\\/admin-ajax.php\",\"settings\":{\"layout\":{\"labelPlacement\":\"top\",\"helpMessagePlacement\":\"with_label\",\"errorMessagePlacement\":\"inline\",\"cssClassName\":\"\",\"asteriskPlacement\":\"asterisk-right\"},\"restrictions\":{\"denyEmptySubmission\":{\"enabled\":false}}},\"form_instance\":\"ff_form_instance_4_1\",\"form_id_selector\":\"fluentform_4\",\"rules\":{\"names[first_name]\":{\"required\":{\"value\":true,\"message\":\"Ce champ est obligatoire\",\"global_message\":\"Ce champ est obligatoire\",\"global\":true}},\"names[middle_name]\":{\"required\":{\"value\":false,\"message\":\"Ce champ est obligatoire\",\"global_message\":\"Ce champ est obligatoire\",\"global\":true}},\"names[last_name]\":{\"required\":{\"value\":false,\"message\":\"Ce champ est obligatoire\",\"global_message\":\"Ce champ est obligatoire\",\"global\":true}},\"input_text_1\":{\"required\":{\"value\":false,\"message\":\"Ce champ est obligatoire\",\"global_message\":\"Ce champ est obligatoire\",\"global\":true}},\"phone\":{\"required\":{\"value\":true,\"message\":\"This field is required\",\"global\":false,\"global_message\":\"Ce champ est obligatoire\"},\"valid_phone_number\":{\"value\":false,\"message\":\"Phone number is not valid\",\"global\":false,\"global_message\":\"Le num\\u00e9ro de t\\u00e9l\\u00e9phone n'est pas valide\"}},\"email\":{\"required\":{\"value\":true,\"message\":\"Ce champ est obligatoire\",\"global_message\":\"Ce champ est obligatoire\",\"global\":true},\"email\":{\"value\":true,\"message\":\"Ce champ doit contenir un e-mail valide\",\"global_message\":\"Ce champ doit contenir un e-mail valide\",\"global\":true}},\"dropdown\":{\"required\":{\"value\":false,\"message\":\"Ce champ est obligatoire\",\"global_message\":\"Ce champ est obligatoire\",\"global\":true}}},\"debounce_time\":300};\n                            <\/script>\n                        <\/div>\n\n            \t\t\t\t<\/div>\n\t\t\t\t<\/div>\n\t\t\t\t\t<\/div>\n\t\t<\/div>\n\t\t\t\t\t<\/div>\n\t\t<\/div>\n\t\t\t\t\t<\/div>\n\t\t<\/div>\n\t\t\t\t\t<\/div>\n\t\t<\/div>\n\t\t\t\t<section class=\"elementor-section elementor-top-section elementor-element elementor-element-b523e7c elementor-section-boxed elementor-section-height-default elementor-section-height-default wpr-particle-no wpr-jarallax-no wpr-parallax-no wpr-sticky-section-no wpr-equal-height-no\" data-id=\"b523e7c\" data-element_type=\"section\" data-e-type=\"section\">\n\t\t\t\t\t\t<div class=\"elementor-container elementor-column-gap-default\">\n\t\t\t\t\t<div class=\"elementor-column elementor-col-100 elementor-top-column elementor-element elementor-element-2c8e2c0\" data-id=\"2c8e2c0\" data-element_type=\"column\" data-e-type=\"column\">\n\t\t\t<div class=\"elementor-widget-wrap elementor-element-populated\">\n\t\t\t\t\t\t<div class=\"elementor-element elementor-element-4477c9d elementor-widget elementor-widget-google_maps\" data-id=\"4477c9d\" data-element_type=\"widget\" data-e-type=\"widget\" data-widget_type=\"google_maps.default\">\n\t\t\t\t<div class=\"elementor-widget-container\">\n\t\t\t\t\t\t\t<div class=\"elementor-custom-embed\">\n\t\t\t<iframe loading=\"lazy\"\n\t\t\t\t\tsrc=\"https:\/\/maps.google.com\/maps?q=20%20R%C3%A9sidence%20leonore%202%20Abdellah%20Guennoune%20%20Tanger&#038;t=m&#038;z=13&#038;output=embed&#038;iwloc=near\"\n\t\t\t\t\ttitle=\"20 R\u00e9sidence leonore 2 Abdellah Guennoune  Tanger\"\n\t\t\t\t\taria-label=\"20 R\u00e9sidence leonore 2 Abdellah Guennoune  Tanger\"\n\t\t\t><\/iframe>\n\t\t<\/div>\n\t\t\t\t\t\t<\/div>\n\t\t\t\t<\/div>\n\t\t\t\t\t<\/div>\n\t\t<\/div>\n\t\t\t\t\t<\/div>\n\t\t<\/section>\n\t\t\t\t<\/div>\n\t\t","protected":false},"excerpt":{"rendered":"<p>CONTACT CONTACT +212 539 942 014 +212 661 754 923 contact@maitrehichamelouadni.com info@maitrehichamelouadni.com 20 R\u00e9sidence leonore 2 Abdellah Guennoune Etg 2 bureau 37<\/p>","protected":false},"author":1,"featured_media":0,"parent":894,"menu_order":4,"comment_status":"closed","ping_status":"closed","template":"","meta":{"footnotes":""},"class_list":["post-901","page","type-page","status-publish","hentry"],"yoast_head":"<!-- This site is optimized with the Yoast SEO plugin v27.5 - https:\/\/yoast.com\/product\/yoast-seo-wordpress\/ -->\n<title>Cabinet des avocats Ma\u00eetre Hicham El Ouadni - Avocat \u00e0 Tanger<\/title>\n<meta name=\"description\" content=\"Avocat Hicham El Ouadni, Cabinet des avocats \u00e0 Tanger, Avocat \u00e0 Tanger, \u0645\u062d\u0627\u0645\u064a \u0637\u0646\u062c\u0629\u060c \u0645\u062d\u0627\u0645\u064a \u0641\u064a \u0637\u0646\u062c\u0629\u060c \u0645\u062d\u0627\u0645\u064a \u0628\u0647\u064a\u0626\u0629 \u0637\u0646\u062c\u0629\u060c \u0627\u0644\u0645\u062d\u0627\u0645\u064a \u0647\u0634\u0627\u0645 \u0627\u0644\u0648\u062f\u0646\u064a\" \/>\n<meta name=\"robots\" content=\"index, follow, max-snippet:-1, max-image-preview:large, max-video-preview:-1\" \/>\n<link rel=\"canonical\" href=\"https:\/\/www.maitrehichamelouadni.com\/ar\/accueil\/contact\/\" \/>\n<meta property=\"og:locale\" content=\"ar_AR\" \/>\n<meta property=\"og:type\" content=\"article\" \/>\n<meta property=\"og:title\" content=\"Cabinet des avocats Ma\u00eetre Hicham El Ouadni - Avocat \u00e0 Tanger\" \/>\n<meta property=\"og:description\" content=\"Avocat Hicham El Ouadni, Cabinet des avocats \u00e0 Tanger, Avocat \u00e0 Tanger, \u0645\u062d\u0627\u0645\u064a \u0637\u0646\u062c\u0629\u060c \u0645\u062d\u0627\u0645\u064a \u0641\u064a \u0637\u0646\u062c\u0629\u060c \u0645\u062d\u0627\u0645\u064a \u0628\u0647\u064a\u0626\u0629 \u0637\u0646\u062c\u0629\u060c \u0627\u0644\u0645\u062d\u0627\u0645\u064a \u0647\u0634\u0627\u0645 \u0627\u0644\u0648\u062f\u0646\u064a\" \/>\n<meta property=\"og:url\" content=\"https:\/\/www.maitrehichamelouadni.com\/ar\/accueil\/contact\/\" \/>\n<meta property=\"og:site_name\" content=\"Ma\u00eetre Hicham El Ouadni\" \/>\n<meta property=\"article:modified_time\" content=\"2025-10-21T10:49:34+00:00\" \/>\n<meta name=\"twitter:card\" content=\"summary_large_image\" \/>\n<meta name=\"twitter:label1\" content=\"Est. reading time\" \/>\n\t<meta name=\"twitter:data1\" content=\"1 minute\" \/>\n<script type=\"application\/ld+json\" class=\"yoast-schema-graph\">{\"@context\":\"https:\\\/\\\/schema.org\",\"@graph\":[{\"@type\":\"WebPage\",\"@id\":\"https:\\\/\\\/www.maitrehichamelouadni.com\\\/accueil\\\/contact\\\/\",\"url\":\"https:\\\/\\\/www.maitrehichamelouadni.com\\\/accueil\\\/contact\\\/\",\"name\":\"Cabinet des avocats Ma\u00eetre Hicham El Ouadni - Avocat \u00e0 Tanger\",\"isPartOf\":{\"@id\":\"https:\\\/\\\/www.maitrehichamelouadni.com\\\/#website\"},\"datePublished\":\"2024-09-02T11:23:37+00:00\",\"dateModified\":\"2025-10-21T10:49:34+00:00\",\"description\":\"Avocat Hicham El Ouadni, Cabinet des avocats \u00e0 Tanger, Avocat \u00e0 Tanger, \u0645\u062d\u0627\u0645\u064a \u0637\u0646\u062c\u0629\u060c \u0645\u062d\u0627\u0645\u064a \u0641\u064a \u0637\u0646\u062c\u0629\u060c \u0645\u062d\u0627\u0645\u064a \u0628\u0647\u064a\u0626\u0629 \u0637\u0646\u062c\u0629\u060c \u0627\u0644\u0645\u062d\u0627\u0645\u064a \u0647\u0634\u0627\u0645 \u0627\u0644\u0648\u062f\u0646\u064a\",\"breadcrumb\":{\"@id\":\"https:\\\/\\\/www.maitrehichamelouadni.com\\\/accueil\\\/contact\\\/#breadcrumb\"},\"inLanguage\":\"ary\",\"potentialAction\":[{\"@type\":\"ReadAction\",\"target\":[\"https:\\\/\\\/www.maitrehichamelouadni.com\\\/accueil\\\/contact\\\/\"]}]},{\"@type\":\"BreadcrumbList\",\"@id\":\"https:\\\/\\\/www.maitrehichamelouadni.com\\\/accueil\\\/contact\\\/#breadcrumb\",\"itemListElement\":[{\"@type\":\"ListItem\",\"position\":1,\"name\":\"Home\",\"item\":\"https:\\\/\\\/www.maitrehichamelouadni.com\\\/\"},{\"@type\":\"ListItem\",\"position\":2,\"name\":\"ACCUEIL\",\"item\":\"https:\\\/\\\/www.maitrehichamelouadni.com\\\/\"},{\"@type\":\"ListItem\",\"position\":3,\"name\":\"CONTACT\"}]},{\"@type\":\"WebSite\",\"@id\":\"https:\\\/\\\/www.maitrehichamelouadni.com\\\/#website\",\"url\":\"https:\\\/\\\/www.maitrehichamelouadni.com\\\/\",\"name\":\"Ma\u00eetre Hicham El Ouadni\",\"description\":\"Cabinet des avocats \u00e0 Tanger\",\"potentialAction\":[{\"@type\":\"SearchAction\",\"target\":{\"@type\":\"EntryPoint\",\"urlTemplate\":\"https:\\\/\\\/www.maitrehichamelouadni.com\\\/?s={search_term_string}\"},\"query-input\":{\"@type\":\"PropertyValueSpecification\",\"valueRequired\":true,\"valueName\":\"search_term_string\"}}],\"inLanguage\":\"ary\"}]}<\/script>\n<!-- \/ Yoast SEO plugin. -->","yoast_head_json":{"title":"Cabinet des avocats Ma\u00eetre Hicham El Ouadni - Avocat \u00e0 Tanger","description":"Avocat Hicham El Ouadni, Cabinet des avocats \u00e0 Tanger, Avocat \u00e0 Tanger, \u0645\u062d\u0627\u0645\u064a \u0637\u0646\u062c\u0629\u060c \u0645\u062d\u0627\u0645\u064a \u0641\u064a \u0637\u0646\u062c\u0629\u060c \u0645\u062d\u0627\u0645\u064a \u0628\u0647\u064a\u0626\u0629 \u0637\u0646\u062c\u0629\u060c \u0627\u0644\u0645\u062d\u0627\u0645\u064a \u0647\u0634\u0627\u0645 \u0627\u0644\u0648\u062f\u0646\u064a","robots":{"index":"index","follow":"follow","max-snippet":"max-snippet:-1","max-image-preview":"max-image-preview:large","max-video-preview":"max-video-preview:-1"},"canonical":"https:\/\/www.maitrehichamelouadni.com\/ar\/accueil\/contact\/","og_locale":"ar_AR","og_type":"article","og_title":"Cabinet des avocats Ma\u00eetre Hicham El Ouadni - Avocat \u00e0 Tanger","og_description":"Avocat Hicham El Ouadni, Cabinet des avocats \u00e0 Tanger, Avocat \u00e0 Tanger, \u0645\u062d\u0627\u0645\u064a \u0637\u0646\u062c\u0629\u060c \u0645\u062d\u0627\u0645\u064a \u0641\u064a \u0637\u0646\u062c\u0629\u060c \u0645\u062d\u0627\u0645\u064a \u0628\u0647\u064a\u0626\u0629 \u0637\u0646\u062c\u0629\u060c \u0627\u0644\u0645\u062d\u0627\u0645\u064a \u0647\u0634\u0627\u0645 \u0627\u0644\u0648\u062f\u0646\u064a","og_url":"https:\/\/www.maitrehichamelouadni.com\/ar\/accueil\/contact\/","og_site_name":"Ma\u00eetre Hicham El Ouadni","article_modified_time":"2025-10-21T10:49:34+00:00","twitter_card":"summary_large_image","twitter_misc":{"Est. reading time":"1 minute"},"schema":{"@context":"https:\/\/schema.org","@graph":[{"@type":"WebPage","@id":"https:\/\/www.maitrehichamelouadni.com\/accueil\/contact\/","url":"https:\/\/www.maitrehichamelouadni.com\/accueil\/contact\/","name":"Cabinet des avocats Ma\u00eetre Hicham El Ouadni - Avocat \u00e0 Tanger","isPartOf":{"@id":"https:\/\/www.maitrehichamelouadni.com\/#website"},"datePublished":"2024-09-02T11:23:37+00:00","dateModified":"2025-10-21T10:49:34+00:00","description":"Avocat Hicham El Ouadni, Cabinet des avocats \u00e0 Tanger, Avocat \u00e0 Tanger, \u0645\u062d\u0627\u0645\u064a \u0637\u0646\u062c\u0629\u060c \u0645\u062d\u0627\u0645\u064a \u0641\u064a \u0637\u0646\u062c\u0629\u060c \u0645\u062d\u0627\u0645\u064a \u0628\u0647\u064a\u0626\u0629 \u0637\u0646\u062c\u0629\u060c \u0627\u0644\u0645\u062d\u0627\u0645\u064a \u0647\u0634\u0627\u0645 \u0627\u0644\u0648\u062f\u0646\u064a","breadcrumb":{"@id":"https:\/\/www.maitrehichamelouadni.com\/accueil\/contact\/#breadcrumb"},"inLanguage":"ary","potentialAction":[{"@type":"ReadAction","target":["https:\/\/www.maitrehichamelouadni.com\/accueil\/contact\/"]}]},{"@type":"BreadcrumbList","@id":"https:\/\/www.maitrehichamelouadni.com\/accueil\/contact\/#breadcrumb","itemListElement":[{"@type":"ListItem","position":1,"name":"Home","item":"https:\/\/www.maitrehichamelouadni.com\/"},{"@type":"ListItem","position":2,"name":"ACCUEIL","item":"https:\/\/www.maitrehichamelouadni.com\/"},{"@type":"ListItem","position":3,"name":"CONTACT"}]},{"@type":"WebSite","@id":"https:\/\/www.maitrehichamelouadni.com\/#website","url":"https:\/\/www.maitrehichamelouadni.com\/","name":"\u0627\u0644\u0623\u0633\u062a\u0627\u0630 \u0647\u0634\u0627\u0645 \u0627\u0644\u0648\u062f\u0646\u064a,","description":"\u0645\u0643\u062a\u0628 \u0627\u0644\u0645\u062d\u0627\u0645\u0627\u0629 \u0641\u064a \u0637\u0646\u062c\u0629","potentialAction":[{"@type":"SearchAction","target":{"@type":"EntryPoint","urlTemplate":"https:\/\/www.maitrehichamelouadni.com\/?s={search_term_string}"},"query-input":{"@type":"PropertyValueSpecification","valueRequired":true,"valueName":"search_term_string"}}],"inLanguage":"ary"}]}},"_links":{"self":[{"href":"https:\/\/www.maitrehichamelouadni.com\/ar\/wp-json\/wp\/v2\/pages\/901","targetHints":{"allow":["GET"]}}],"collection":[{"href":"https:\/\/www.maitrehichamelouadni.com\/ar\/wp-json\/wp\/v2\/pages"}],"about":[{"href":"https:\/\/www.maitrehichamelouadni.com\/ar\/wp-json\/wp\/v2\/types\/page"}],"author":[{"embeddable":true,"href":"https:\/\/www.maitrehichamelouadni.com\/ar\/wp-json\/wp\/v2\/users\/1"}],"replies":[{"embeddable":true,"href":"https:\/\/www.maitrehichamelouadni.com\/ar\/wp-json\/wp\/v2\/comments?post=901"}],"version-history":[{"count":181,"href":"https:\/\/www.maitrehichamelouadni.com\/ar\/wp-json\/wp\/v2\/pages\/901\/revisions"}],"predecessor-version":[{"id":4921,"href":"https:\/\/www.maitrehichamelouadni.com\/ar\/wp-json\/wp\/v2\/pages\/901\/revisions\/4921"}],"up":[{"embeddable":true,"href":"https:\/\/www.maitrehichamelouadni.com\/ar\/wp-json\/wp\/v2\/pages\/894"}],"wp:attachment":[{"href":"https:\/\/www.maitrehichamelouadni.com\/ar\/wp-json\/wp\/v2\/media?parent=901"}],"curies":[{"name":"wp","href":"https:\/\/api.w.org\/{rel}","templated":true}]}}