{"id":3562,"date":"2024-10-07T10:45:53","date_gmt":"2024-10-07T10:45:53","guid":{"rendered":"https:\/\/www.maitrehichamelouadni.com\/?page_id=3562"},"modified":"2024-11-21T10:02:30","modified_gmt":"2024-11-21T10:02:30","slug":"consultation-juridique","status":"publish","type":"page","link":"https:\/\/www.maitrehichamelouadni.com\/ar\/accueil\/consultation-juridique\/","title":{"rendered":"Consultation juridique"},"content":{"rendered":"\t\t<div data-elementor-type=\"wp-page\" data-elementor-id=\"3562\" class=\"elementor elementor-3562\">\n\t\t\t\t\t\t<section class=\"elementor-section elementor-top-section elementor-element elementor-element-1ee6595 elementor-hidden-tablet elementor-hidden-mobile elementor-section-boxed elementor-section-height-default elementor-section-height-default wpr-particle-no wpr-jarallax-no wpr-parallax-no wpr-sticky-section-no wpr-equal-height-no\" data-id=\"1ee6595\" data-element_type=\"section\" data-e-type=\"section\" data-settings=\"{&quot;background_background&quot;:&quot;classic&quot;}\">\n\t\t\t\t\t\t\t<div class=\"elementor-background-overlay\"><\/div>\n\t\t\t\t\t\t\t<div class=\"elementor-container elementor-column-gap-default\">\n\t\t\t\t\t<div class=\"elementor-column elementor-col-100 elementor-top-column elementor-element elementor-element-3af6c63\" data-id=\"3af6c63\" data-element_type=\"column\" data-e-type=\"column\">\n\t\t\t<div class=\"elementor-widget-wrap elementor-element-populated\">\n\t\t\t\t\t\t<div class=\"elementor-element elementor-element-551260e elementor-widget elementor-widget-heading\" data-id=\"551260e\" data-element_type=\"widget\" data-e-type=\"widget\" data-widget_type=\"heading.default\">\n\t\t\t\t<div class=\"elementor-widget-container\">\n\t\t\t\t\t<h1 class=\"elementor-heading-title elementor-size-default\">Nous sommes pr\u00e9sents \u00e0 vos c\u00f4t\u00e9s, en toutes circonstances<\/h1>\t\t\t\t<\/div>\n\t\t\t\t<\/div>\n\t\t\t\t\t<\/div>\n\t\t<\/div>\n\t\t\t\t\t<\/div>\n\t\t<\/section>\n\t\t\t\t<section class=\"elementor-section elementor-top-section elementor-element elementor-element-172fec9 elementor-hidden-desktop elementor-section-boxed elementor-section-height-default elementor-section-height-default wpr-particle-no wpr-jarallax-no wpr-parallax-no wpr-sticky-section-no wpr-equal-height-no\" data-id=\"172fec9\" data-element_type=\"section\" data-e-type=\"section\" data-settings=\"{&quot;background_background&quot;:&quot;classic&quot;}\">\n\t\t\t\t\t\t\t<div class=\"elementor-background-overlay\"><\/div>\n\t\t\t\t\t\t\t<div class=\"elementor-container elementor-column-gap-default\">\n\t\t\t\t\t<div class=\"elementor-column elementor-col-100 elementor-top-column elementor-element elementor-element-52eb389\" data-id=\"52eb389\" data-element_type=\"column\" data-e-type=\"column\">\n\t\t\t<div class=\"elementor-widget-wrap elementor-element-populated\">\n\t\t\t\t\t\t<div class=\"elementor-element elementor-element-224e56c elementor-widget elementor-widget-heading\" data-id=\"224e56c\" data-element_type=\"widget\" data-e-type=\"widget\" data-widget_type=\"heading.default\">\n\t\t\t\t<div class=\"elementor-widget-container\">\n\t\t\t\t\t<h2 class=\"elementor-heading-title elementor-size-default\">Nous sommes pr\u00e9sents \u00e0 vos c\u00f4t\u00e9s, en toutes circonstances<\/h2>\t\t\t\t<\/div>\n\t\t\t\t<\/div>\n\t\t\t\t\t<\/div>\n\t\t<\/div>\n\t\t\t\t\t<\/div>\n\t\t<\/section>\n\t\t\t\t<section class=\"elementor-section elementor-top-section elementor-element elementor-element-8d69d1c elementor-section-boxed elementor-section-height-default elementor-section-height-default wpr-particle-no wpr-jarallax-no wpr-parallax-no wpr-sticky-section-no wpr-equal-height-no\" data-id=\"8d69d1c\" data-element_type=\"section\" data-e-type=\"section\">\n\t\t\t\t\t\t<div class=\"elementor-container elementor-column-gap-default\">\n\t\t\t\t\t<div class=\"elementor-column elementor-col-66 elementor-top-column elementor-element elementor-element-eb883f7\" data-id=\"eb883f7\" data-element_type=\"column\" data-e-type=\"column\">\n\t\t\t<div class=\"elementor-widget-wrap elementor-element-populated\">\n\t\t\t\t\t\t<div class=\"elementor-element elementor-element-a28a7cd elementor-widget elementor-widget-text-editor\" data-id=\"a28a7cd\" data-element_type=\"widget\" data-e-type=\"widget\" data-widget_type=\"text-editor.default\">\n\t\t\t\t<div class=\"elementor-widget-container\">\n\t\t\t\t\t\t\t\t\t<p>Notre cabinet se situe en plein c\u0153ur de Tanger, facilitant l&rsquo;acc\u00e8s \u00e0 nos clients pour des consultations en toute discr\u00e9tion. Nous vous invitons \u00e0 nous contacter pour discuter de vos besoins juridiques et b\u00e9n\u00e9ficier de conseils sur mesure pour prot\u00e9ger vos int\u00e9r\u00eats<\/p>\t\t\t\t\t\t\t\t<\/div>\n\t\t\t\t<\/div>\n\t\t\t\t<div class=\"elementor-element elementor-element-53a2364 elementor-widget elementor-widget-shortcode\" data-id=\"53a2364\" data-element_type=\"widget\" data-e-type=\"widget\" data-widget_type=\"shortcode.default\">\n\t\t\t\t<div class=\"elementor-widget-container\">\n\t\t\t\t\t\t\t<div class=\"elementor-shortcode\"><div class='fluentform ff-default fluentform_wrapper_8 ffs_default_wrap'><form data-form_id=\"8\" id=\"fluentform_8\" class=\"frm-fluent-form fluent_form_8 ff-el-form-top ff_form_instance_8_1 ff-form-loading ffs_default\" data-form_instance=\"ff_form_instance_8_1\" method=\"POST\" ><fieldset  style=\"border: none!important;margin: 0!important;padding: 0!important;background-color: transparent!important;box-shadow: none!important;outline: none!important; min-inline-size: 100%;\">\n                    <legend class=\"ff_screen_reader_title\" style=\"display: block; margin: 0!important;padding: 0!important;height: 0!important;text-indent: -999999px;width: 0!important;overflow:hidden;\">consultation juridique<\/legend>        <div\n                style=\"display: none!important; position: absolute!important; transform: translateX(1000%)!important;\"\n                class=\"ff-el-group ff-hpsf-container\"\n        >\n            <div class=\"ff-el-input--label asterisk-right\">\n                <label for=\"ff_8_item_sf\" aria-label=\"Contact\">\n                    Contact                <\/label>\n            <\/div>\n            <div class=\"ff-el-input--content\">\n                <input type=\"text\"\n                       name=\"item_8__fluent_sf\"\n                       class=\"ff-el-form-control\"\n                       id=\"ff_8_item_sf\"\n                \/>\n            <\/div>\n        <\/div>\n        <input type='hidden' name='__fluent_form_embded_post_id' value='3562' \/><input type=\"hidden\" id=\"_fluentform_8_fluentformnonce\" name=\"_fluentform_8_fluentformnonce\" value=\"b1648dd778\" \/><input type=\"hidden\" name=\"_wp_http_referer\" value=\"\/ar\/wp-json\/wp\/v2\/pages\/3562\" \/><div data-type=\"name-element\" data-name=\"names\" class=\" ff-field_container ff-name-field-wrapper\" ><div class='ff-t-container'><div class='ff-t-cell '><div class='ff-el-group ff-el-form-top'><div class='ff-el-input--content'><input type=\"text\" name=\"names[first_name]\" id=\"ff_8_names_first_name_\" class=\"ff-el-form-control\" placeholder=\"Nom \/ Pr\u00e9nom\" aria-invalid=\"false\" aria-required=true><\/div><\/div><\/div><\/div><\/div><div class='ff-el-group'><div class='ff-el-input--content'><input name=\"phone\" class=\"ff-el-form-control ff-el-phone\" type=\"tel\" placeholder=\"N\u00b0 de T\u00e9l\u00e9phone\" data-name=\"phone\" id=\"ff_8_phone\" inputmode=\"tel\"  aria-invalid='false' aria-required=true><\/div><\/div><div class='ff-el-group'><div class='ff-el-input--content'><input type=\"email\" name=\"email\" id=\"ff_8_email\" class=\"ff-el-form-control\" placeholder=\"E-mail\" data-name=\"email\"  aria-invalid=\"false\" aria-required=false><\/div><\/div><div class='ff-el-group'><div class='ff-el-input--content'><select name=\"dropdown\" id=\"ff_8_dropdown\" class=\"ff-el-form-control\" data-name=\"dropdown\" data-calc_value=\"0\"  aria-invalid=\"false\" aria-required=\"false\" aria-labelledby=\"label_ff_8_dropdown\"><option value=\"\">- Souhaitez-vous un rendez-vous -<\/option><option value=\"Par t\u00e9l\u00e9phone\"  >Par t\u00e9l\u00e9phone<\/option><option value=\"Pr\u00e9sentiel\"  >Pr\u00e9sentiel<\/option><\/select><\/div><\/div><div class='ff-el-group'><div class='ff-el-input--content'><select name=\"dropdown_1\" id=\"ff_8_dropdown_1\" class=\"ff-el-form-control\" data-name=\"dropdown_1\" data-calc_value=\"0\"  aria-invalid=\"false\" aria-required=\"false\" aria-labelledby=\"label_ff_8_dropdown_1\"><option value=\"\">- Service souhait\u00e9 -<\/option><option value=\"Conseil en droit des soci\u00e9t\u00e9s\"  >Conseil en droit des soci\u00e9t\u00e9s<\/option><option value=\"Divorce et droit de la famille\"  >Divorce et droit de la famille<\/option><option value=\"Droit p\u00e9nal des soci\u00e9t\u00e9s\"  >Droit p\u00e9nal des soci\u00e9t\u00e9s<\/option><option value=\"Litiges commerciaux\"  >Litiges commerciaux<\/option><option value=\"Droit civil\"  >Droit civil<\/option><option value=\"Droit social et du travail\"  >Droit social et du travail<\/option><option value=\"Consultation pour exparti\u00e9s\"  >Consultation pour exparti\u00e9s<\/option><option value=\"Contentieux\"  >Contentieux<\/option><option value=\"Contrats internationaux\"  >Contrats internationaux<\/option><option value=\"M\u00e9diation et arbitrage\"  >M\u00e9diation et arbitrage<\/option><\/select><\/div><\/div><div class='ff-el-group ff-text-left ff_submit_btn_wrapper ff_submit_btn_wrapper_custom'><button class=\"ff-btn ff-btn-submit ff-btn-md ff_btn_style wpf_has_custom_css\" type=\"submit\" name=\"custom_submit_button-8_1\" data-name=\"custom_submit_button-8_1\"  aria-label=\"ENVOYER\">ENVOYER<\/button><style>form.fluent_form_8 .wpf_has_custom_css.ff-btn-submit { background-color:rgba(200, 153, 101, 1);border-color:rgba(200, 153, 101, 1);color:#ffffff;min-width:100%; }form.fluent_form_8 .wpf_has_custom_css.ff-btn-submit:hover { background-color:#ffffff;border-color:rgba(200, 153, 101, 1);color:rgba(200, 153, 101, 1);min-width:100%; } <\/style><\/div><\/fieldset><\/form><div id='fluentform_8_errors' class='ff-errors-in-stack ff_form_instance_8_1 ff-form-loading_errors ff_form_instance_8_1_errors'><\/div><\/div>            <script type=\"text\/javascript\">\n                window.fluent_form_ff_form_instance_8_1 = {\"id\":\"8\",\"ajaxUrl\":\"https:\\\/\\\/www.maitrehichamelouadni.com\\\/wp-admin\\\/admin-ajax.php\",\"settings\":{\"layout\":{\"labelPlacement\":\"top\",\"helpMessagePlacement\":\"with_label\",\"errorMessagePlacement\":\"inline\",\"cssClassName\":\"\",\"asteriskPlacement\":\"asterisk-right\"},\"restrictions\":{\"denyEmptySubmission\":{\"enabled\":false}}},\"form_instance\":\"ff_form_instance_8_1\",\"form_id_selector\":\"fluentform_8\",\"rules\":{\"names[first_name]\":{\"required\":{\"value\":true,\"message\":\"Ce champ est obligatoire\",\"global_message\":\"Ce champ est obligatoire\",\"global\":true}},\"names[middle_name]\":{\"required\":{\"value\":false,\"message\":\"Ce champ est obligatoire\",\"global_message\":\"Ce champ est obligatoire\",\"global\":true}},\"names[last_name]\":{\"required\":{\"value\":false,\"message\":\"Ce champ est obligatoire\",\"global_message\":\"Ce champ est obligatoire\",\"global\":true}},\"phone\":{\"required\":{\"value\":true,\"global\":true,\"message\":\"Ce champ est obligatoire\",\"global_message\":\"Ce champ est obligatoire\"},\"valid_phone_number\":{\"value\":false,\"global\":true,\"message\":\"Le num\\u00e9ro de t\\u00e9l\\u00e9phone n'est pas valide\",\"global_message\":\"Le num\\u00e9ro de t\\u00e9l\\u00e9phone n'est pas valide\"}},\"email\":{\"required\":{\"value\":false,\"message\":\"Ce champ est obligatoire\",\"global_message\":\"Ce champ est obligatoire\",\"global\":true},\"email\":{\"value\":true,\"message\":\"Ce champ doit contenir un e-mail valide\",\"global_message\":\"Ce champ doit contenir un e-mail valide\",\"global\":true}},\"dropdown\":{\"required\":{\"value\":false,\"message\":\"Ce champ est obligatoire\",\"global_message\":\"Ce champ est obligatoire\",\"global\":true}},\"dropdown_1\":{\"required\":{\"value\":false,\"message\":\"Ce champ est obligatoire\",\"global_message\":\"Ce champ est obligatoire\",\"global\":true}}},\"debounce_time\":300};\n                            <\/script>\n            <\/div>\n\t\t\t\t\t\t<\/div>\n\t\t\t\t<\/div>\n\t\t\t\t\t<\/div>\n\t\t<\/div>\n\t\t\t\t<div class=\"elementor-column elementor-col-33 elementor-top-column elementor-element elementor-element-a95645a\" data-id=\"a95645a\" data-element_type=\"column\" data-e-type=\"column\">\n\t\t\t<div class=\"elementor-widget-wrap elementor-element-populated\">\n\t\t\t\t\t\t<div class=\"elementor-element elementor-element-806e331 elementor-widget elementor-widget-image\" data-id=\"806e331\" data-element_type=\"widget\" data-e-type=\"widget\" data-widget_type=\"image.default\">\n\t\t\t\t<div class=\"elementor-widget-container\">\n\t\t\t\t\t\t\t\t\t\t\t\t\t\t\t<img fetchpriority=\"high\" decoding=\"async\" width=\"900\" height=\"1600\" src=\"https:\/\/www.maitrehichamelouadni.com\/wp-content\/uploads\/2024\/11\/WhatsApp-Image-2024-11-09-a-11.37.15_f6d85d64.jpg\" class=\"attachment-full size-full wp-image-4686\" alt=\"Cabinet avocat \u00e0 Tanger - Avocat \u00e0 Tanger - Cabinet des avocats ma\u00eetre Hicham El Ouadni - Maitre Hicham Elouadni - Avocat \u00e0 Tanger - Avocat Hicham El Ouadni, Cabinet des avocats \u00e0 Tanger, Avocat \u00e0 Tanger, \u0645\u062d\u0627\u0645\u064a \u0637\u0646\u062c\u0629\u060c \u0645\u062d\u0627\u0645\u064a \u0641\u064a \u0637\u0646\u062c\u0629\u060c \u0645\u062d\u0627\u0645\u064a \u0628\u0647\u064a\u0626\u0629 \u0637\u0646\u062c\u0629\u060c \u0627\u0644\u0645\u062d\u0627\u0645\u064a \u0647\u0634\u0627\u0645 \u0627\u0644\u0648\u062f\u0646\u064a\" srcset=\"https:\/\/www.maitrehichamelouadni.com\/wp-content\/uploads\/2024\/11\/WhatsApp-Image-2024-11-09-a-11.37.15_f6d85d64.jpg 900w, https:\/\/www.maitrehichamelouadni.com\/wp-content\/uploads\/2024\/11\/WhatsApp-Image-2024-11-09-a-11.37.15_f6d85d64-169x300.jpg 169w, https:\/\/www.maitrehichamelouadni.com\/wp-content\/uploads\/2024\/11\/WhatsApp-Image-2024-11-09-a-11.37.15_f6d85d64-576x1024.jpg 576w, https:\/\/www.maitrehichamelouadni.com\/wp-content\/uploads\/2024\/11\/WhatsApp-Image-2024-11-09-a-11.37.15_f6d85d64-768x1365.jpg 768w, https:\/\/www.maitrehichamelouadni.com\/wp-content\/uploads\/2024\/11\/WhatsApp-Image-2024-11-09-a-11.37.15_f6d85d64-864x1536.jpg 864w, https:\/\/www.maitrehichamelouadni.com\/wp-content\/uploads\/2024\/11\/WhatsApp-Image-2024-11-09-a-11.37.15_f6d85d64-366x650.jpg 366w\" sizes=\"(max-width: 900px) 100vw, 900px\" \/>\t\t\t\t\t\t\t\t\t\t\t\t\t\t\t<\/div>\n\t\t\t\t<\/div>\n\t\t\t\t\t<\/div>\n\t\t<\/div>\n\t\t\t\t\t<\/div>\n\t\t<\/section>\n\t\t\t\t<\/div>\n\t\t","protected":false},"excerpt":{"rendered":"<p>Nous sommes pr\u00e9sents \u00e0 vos c\u00f4t\u00e9s, en toutes circonstances Nous sommes pr\u00e9sents \u00e0 vos c\u00f4t\u00e9s, en toutes circonstances Notre cabinet se situe<\/p>","protected":false},"author":1,"featured_media":0,"parent":894,"menu_order":3,"comment_status":"closed","ping_status":"closed","template":"","meta":{"footnotes":""},"class_list":["post-3562","page","type-page","status-publish","hentry"],"yoast_head":"<!-- This site is optimized with the Yoast SEO plugin v27.5 - https:\/\/yoast.com\/product\/yoast-seo-wordpress\/ -->\n<title>Cabinet des avocats Ma\u00eetre Hicham El Ouadni - Avocat \u00e0 Tanger<\/title>\n<meta name=\"description\" content=\"Avocat Hicham El Ouadni, Cabinet des avocats \u00e0 Tanger, Avocat \u00e0 Tanger, \u0645\u062d\u0627\u0645\u064a \u0637\u0646\u062c\u0629\u060c \u0645\u062d\u0627\u0645\u064a \u0641\u064a \u0637\u0646\u062c\u0629\u060c \u0645\u062d\u0627\u0645\u064a \u0628\u0647\u064a\u0626\u0629 \u0637\u0646\u062c\u0629\u060c \u0627\u0644\u0645\u062d\u0627\u0645\u064a \u0647\u0634\u0627\u0645 \u0627\u0644\u0648\u062f\u0646\u064a\" \/>\n<meta name=\"robots\" content=\"index, follow, max-snippet:-1, max-image-preview:large, max-video-preview:-1\" \/>\n<link rel=\"canonical\" href=\"https:\/\/www.maitrehichamelouadni.com\/ar\/accueil\/consultation-juridique\/\" \/>\n<meta property=\"og:locale\" content=\"ar_AR\" \/>\n<meta property=\"og:type\" content=\"article\" \/>\n<meta property=\"og:title\" content=\"Cabinet des avocats Ma\u00eetre Hicham El Ouadni - Avocat \u00e0 Tanger\" \/>\n<meta property=\"og:description\" content=\"Avocat Hicham El Ouadni, Cabinet des avocats \u00e0 Tanger, Avocat \u00e0 Tanger, \u0645\u062d\u0627\u0645\u064a \u0637\u0646\u062c\u0629\u060c \u0645\u062d\u0627\u0645\u064a \u0641\u064a \u0637\u0646\u062c\u0629\u060c \u0645\u062d\u0627\u0645\u064a \u0628\u0647\u064a\u0626\u0629 \u0637\u0646\u062c\u0629\u060c \u0627\u0644\u0645\u062d\u0627\u0645\u064a \u0647\u0634\u0627\u0645 \u0627\u0644\u0648\u062f\u0646\u064a\" \/>\n<meta property=\"og:url\" content=\"https:\/\/www.maitrehichamelouadni.com\/ar\/accueil\/consultation-juridique\/\" \/>\n<meta property=\"og:site_name\" content=\"Ma\u00eetre Hicham El Ouadni\" \/>\n<meta property=\"article:modified_time\" content=\"2024-11-21T10:02:30+00:00\" \/>\n<meta property=\"og:image\" content=\"https:\/\/www.maitrehichamelouadni.com\/wp-content\/uploads\/2024\/11\/WhatsApp-Image-2024-11-09-a-11.37.15_f6d85d64.jpg\" \/>\n<meta name=\"twitter:card\" content=\"summary_large_image\" \/>\n<meta name=\"twitter:label1\" content=\"Est. reading time\" \/>\n\t<meta name=\"twitter:data1\" content=\"1 minute\" \/>\n<script type=\"application\/ld+json\" class=\"yoast-schema-graph\">{\"@context\":\"https:\\\/\\\/schema.org\",\"@graph\":[{\"@type\":\"WebPage\",\"@id\":\"https:\\\/\\\/www.maitrehichamelouadni.com\\\/accueil\\\/consultation-juridique\\\/\",\"url\":\"https:\\\/\\\/www.maitrehichamelouadni.com\\\/accueil\\\/consultation-juridique\\\/\",\"name\":\"Cabinet des avocats Ma\u00eetre Hicham El Ouadni - Avocat \u00e0 Tanger\",\"isPartOf\":{\"@id\":\"https:\\\/\\\/www.maitrehichamelouadni.com\\\/#website\"},\"primaryImageOfPage\":{\"@id\":\"https:\\\/\\\/www.maitrehichamelouadni.com\\\/accueil\\\/consultation-juridique\\\/#primaryimage\"},\"image\":{\"@id\":\"https:\\\/\\\/www.maitrehichamelouadni.com\\\/accueil\\\/consultation-juridique\\\/#primaryimage\"},\"thumbnailUrl\":\"https:\\\/\\\/www.maitrehichamelouadni.com\\\/wp-content\\\/uploads\\\/2024\\\/11\\\/WhatsApp-Image-2024-11-09-a-11.37.15_f6d85d64.jpg\",\"datePublished\":\"2024-10-07T10:45:53+00:00\",\"dateModified\":\"2024-11-21T10:02:30+00:00\",\"description\":\"Avocat Hicham El Ouadni, Cabinet des avocats \u00e0 Tanger, Avocat \u00e0 Tanger, \u0645\u062d\u0627\u0645\u064a \u0637\u0646\u062c\u0629\u060c \u0645\u062d\u0627\u0645\u064a \u0641\u064a \u0637\u0646\u062c\u0629\u060c \u0645\u062d\u0627\u0645\u064a \u0628\u0647\u064a\u0626\u0629 \u0637\u0646\u062c\u0629\u060c \u0627\u0644\u0645\u062d\u0627\u0645\u064a \u0647\u0634\u0627\u0645 \u0627\u0644\u0648\u062f\u0646\u064a\",\"breadcrumb\":{\"@id\":\"https:\\\/\\\/www.maitrehichamelouadni.com\\\/accueil\\\/consultation-juridique\\\/#breadcrumb\"},\"inLanguage\":\"ary\",\"potentialAction\":[{\"@type\":\"ReadAction\",\"target\":[\"https:\\\/\\\/www.maitrehichamelouadni.com\\\/accueil\\\/consultation-juridique\\\/\"]}]},{\"@type\":\"ImageObject\",\"inLanguage\":\"ary\",\"@id\":\"https:\\\/\\\/www.maitrehichamelouadni.com\\\/accueil\\\/consultation-juridique\\\/#primaryimage\",\"url\":\"https:\\\/\\\/www.maitrehichamelouadni.com\\\/wp-content\\\/uploads\\\/2024\\\/11\\\/WhatsApp-Image-2024-11-09-a-11.37.15_f6d85d64.jpg\",\"contentUrl\":\"https:\\\/\\\/www.maitrehichamelouadni.com\\\/wp-content\\\/uploads\\\/2024\\\/11\\\/WhatsApp-Image-2024-11-09-a-11.37.15_f6d85d64.jpg\"},{\"@type\":\"BreadcrumbList\",\"@id\":\"https:\\\/\\\/www.maitrehichamelouadni.com\\\/accueil\\\/consultation-juridique\\\/#breadcrumb\",\"itemListElement\":[{\"@type\":\"ListItem\",\"position\":1,\"name\":\"Home\",\"item\":\"https:\\\/\\\/www.maitrehichamelouadni.com\\\/\"},{\"@type\":\"ListItem\",\"position\":2,\"name\":\"ACCUEIL\",\"item\":\"https:\\\/\\\/www.maitrehichamelouadni.com\\\/\"},{\"@type\":\"ListItem\",\"position\":3,\"name\":\"Consultation juridique\"}]},{\"@type\":\"WebSite\",\"@id\":\"https:\\\/\\\/www.maitrehichamelouadni.com\\\/#website\",\"url\":\"https:\\\/\\\/www.maitrehichamelouadni.com\\\/\",\"name\":\"Ma\u00eetre Hicham El Ouadni\",\"description\":\"Cabinet des avocats \u00e0 Tanger\",\"potentialAction\":[{\"@type\":\"SearchAction\",\"target\":{\"@type\":\"EntryPoint\",\"urlTemplate\":\"https:\\\/\\\/www.maitrehichamelouadni.com\\\/?s={search_term_string}\"},\"query-input\":{\"@type\":\"PropertyValueSpecification\",\"valueRequired\":true,\"valueName\":\"search_term_string\"}}],\"inLanguage\":\"ary\"}]}<\/script>\n<!-- \/ Yoast SEO plugin. -->","yoast_head_json":{"title":"Cabinet des avocats Ma\u00eetre Hicham El Ouadni - Avocat \u00e0 Tanger","description":"Avocat Hicham El Ouadni, Cabinet des avocats \u00e0 Tanger, Avocat \u00e0 Tanger, \u0645\u062d\u0627\u0645\u064a \u0637\u0646\u062c\u0629\u060c \u0645\u062d\u0627\u0645\u064a \u0641\u064a \u0637\u0646\u062c\u0629\u060c \u0645\u062d\u0627\u0645\u064a \u0628\u0647\u064a\u0626\u0629 \u0637\u0646\u062c\u0629\u060c \u0627\u0644\u0645\u062d\u0627\u0645\u064a \u0647\u0634\u0627\u0645 \u0627\u0644\u0648\u062f\u0646\u064a","robots":{"index":"index","follow":"follow","max-snippet":"max-snippet:-1","max-image-preview":"max-image-preview:large","max-video-preview":"max-video-preview:-1"},"canonical":"https:\/\/www.maitrehichamelouadni.com\/ar\/accueil\/consultation-juridique\/","og_locale":"ar_AR","og_type":"article","og_title":"Cabinet des avocats Ma\u00eetre Hicham El Ouadni - Avocat \u00e0 Tanger","og_description":"Avocat Hicham El Ouadni, Cabinet des avocats \u00e0 Tanger, Avocat \u00e0 Tanger, \u0645\u062d\u0627\u0645\u064a \u0637\u0646\u062c\u0629\u060c \u0645\u062d\u0627\u0645\u064a \u0641\u064a \u0637\u0646\u062c\u0629\u060c \u0645\u062d\u0627\u0645\u064a \u0628\u0647\u064a\u0626\u0629 \u0637\u0646\u062c\u0629\u060c \u0627\u0644\u0645\u062d\u0627\u0645\u064a \u0647\u0634\u0627\u0645 \u0627\u0644\u0648\u062f\u0646\u064a","og_url":"https:\/\/www.maitrehichamelouadni.com\/ar\/accueil\/consultation-juridique\/","og_site_name":"Ma\u00eetre Hicham El Ouadni","article_modified_time":"2024-11-21T10:02:30+00:00","og_image":[{"url":"https:\/\/www.maitrehichamelouadni.com\/wp-content\/uploads\/2024\/11\/WhatsApp-Image-2024-11-09-a-11.37.15_f6d85d64.jpg","type":"","width":"","height":""}],"twitter_card":"summary_large_image","twitter_misc":{"Est. reading time":"1 minute"},"schema":{"@context":"https:\/\/schema.org","@graph":[{"@type":"WebPage","@id":"https:\/\/www.maitrehichamelouadni.com\/accueil\/consultation-juridique\/","url":"https:\/\/www.maitrehichamelouadni.com\/accueil\/consultation-juridique\/","name":"Cabinet des avocats Ma\u00eetre Hicham El Ouadni - Avocat \u00e0 Tanger","isPartOf":{"@id":"https:\/\/www.maitrehichamelouadni.com\/#website"},"primaryImageOfPage":{"@id":"https:\/\/www.maitrehichamelouadni.com\/accueil\/consultation-juridique\/#primaryimage"},"image":{"@id":"https:\/\/www.maitrehichamelouadni.com\/accueil\/consultation-juridique\/#primaryimage"},"thumbnailUrl":"https:\/\/www.maitrehichamelouadni.com\/wp-content\/uploads\/2024\/11\/WhatsApp-Image-2024-11-09-a-11.37.15_f6d85d64.jpg","datePublished":"2024-10-07T10:45:53+00:00","dateModified":"2024-11-21T10:02:30+00:00","description":"Avocat Hicham El Ouadni, Cabinet des avocats \u00e0 Tanger, Avocat \u00e0 Tanger, \u0645\u062d\u0627\u0645\u064a \u0637\u0646\u062c\u0629\u060c \u0645\u062d\u0627\u0645\u064a \u0641\u064a \u0637\u0646\u062c\u0629\u060c \u0645\u062d\u0627\u0645\u064a \u0628\u0647\u064a\u0626\u0629 \u0637\u0646\u062c\u0629\u060c \u0627\u0644\u0645\u062d\u0627\u0645\u064a \u0647\u0634\u0627\u0645 \u0627\u0644\u0648\u062f\u0646\u064a","breadcrumb":{"@id":"https:\/\/www.maitrehichamelouadni.com\/accueil\/consultation-juridique\/#breadcrumb"},"inLanguage":"ary","potentialAction":[{"@type":"ReadAction","target":["https:\/\/www.maitrehichamelouadni.com\/accueil\/consultation-juridique\/"]}]},{"@type":"ImageObject","inLanguage":"ary","@id":"https:\/\/www.maitrehichamelouadni.com\/accueil\/consultation-juridique\/#primaryimage","url":"https:\/\/www.maitrehichamelouadni.com\/wp-content\/uploads\/2024\/11\/WhatsApp-Image-2024-11-09-a-11.37.15_f6d85d64.jpg","contentUrl":"https:\/\/www.maitrehichamelouadni.com\/wp-content\/uploads\/2024\/11\/WhatsApp-Image-2024-11-09-a-11.37.15_f6d85d64.jpg"},{"@type":"BreadcrumbList","@id":"https:\/\/www.maitrehichamelouadni.com\/accueil\/consultation-juridique\/#breadcrumb","itemListElement":[{"@type":"ListItem","position":1,"name":"Home","item":"https:\/\/www.maitrehichamelouadni.com\/"},{"@type":"ListItem","position":2,"name":"ACCUEIL","item":"https:\/\/www.maitrehichamelouadni.com\/"},{"@type":"ListItem","position":3,"name":"Consultation juridique"}]},{"@type":"WebSite","@id":"https:\/\/www.maitrehichamelouadni.com\/#website","url":"https:\/\/www.maitrehichamelouadni.com\/","name":"\u0627\u0644\u0623\u0633\u062a\u0627\u0630 \u0647\u0634\u0627\u0645 \u0627\u0644\u0648\u062f\u0646\u064a,","description":"\u0645\u0643\u062a\u0628 \u0627\u0644\u0645\u062d\u0627\u0645\u0627\u0629 \u0641\u064a \u0637\u0646\u062c\u0629","potentialAction":[{"@type":"SearchAction","target":{"@type":"EntryPoint","urlTemplate":"https:\/\/www.maitrehichamelouadni.com\/?s={search_term_string}"},"query-input":{"@type":"PropertyValueSpecification","valueRequired":true,"valueName":"search_term_string"}}],"inLanguage":"ary"}]}},"_links":{"self":[{"href":"https:\/\/www.maitrehichamelouadni.com\/ar\/wp-json\/wp\/v2\/pages\/3562","targetHints":{"allow":["GET"]}}],"collection":[{"href":"https:\/\/www.maitrehichamelouadni.com\/ar\/wp-json\/wp\/v2\/pages"}],"about":[{"href":"https:\/\/www.maitrehichamelouadni.com\/ar\/wp-json\/wp\/v2\/types\/page"}],"author":[{"embeddable":true,"href":"https:\/\/www.maitrehichamelouadni.com\/ar\/wp-json\/wp\/v2\/users\/1"}],"replies":[{"embeddable":true,"href":"https:\/\/www.maitrehichamelouadni.com\/ar\/wp-json\/wp\/v2\/comments?post=3562"}],"version-history":[{"count":129,"href":"https:\/\/www.maitrehichamelouadni.com\/ar\/wp-json\/wp\/v2\/pages\/3562\/revisions"}],"predecessor-version":[{"id":4742,"href":"https:\/\/www.maitrehichamelouadni.com\/ar\/wp-json\/wp\/v2\/pages\/3562\/revisions\/4742"}],"up":[{"embeddable":true,"href":"https:\/\/www.maitrehichamelouadni.com\/ar\/wp-json\/wp\/v2\/pages\/894"}],"wp:attachment":[{"href":"https:\/\/www.maitrehichamelouadni.com\/ar\/wp-json\/wp\/v2\/media?parent=3562"}],"curies":[{"name":"wp","href":"https:\/\/api.w.org\/{rel}","templated":true}]}}